{"id":18,"date":"2017-10-04T03:15:32","date_gmt":"2017-10-04T03:15:32","guid":{"rendered":"http:\/\/www.casadenoah.com\/?page_id=18"},"modified":"2018-02-18T02:00:04","modified_gmt":"2018-02-18T05:00:04","slug":"location","status":"publish","type":"page","link":"http:\/\/www.casadenoah.com\/?page_id=18","title":{"rendered":"Location"},"content":{"rendered":"<div id=\"pl-18\"  class=\"panel-layout\" ><div id=\"pg-18-0\"  class=\"panel-grid panel-no-style\" ><div id=\"pgc-18-0-0\"  class=\"panel-grid-cell\" ><div id=\"panel-18-0-0-0\" class=\"so-panel widget widget_wpgmza_map_widget wpgmza_widget panel-first-child panel-last-child\" data-index=\"0\"><h3 class=\"widget-title\">Enter in the GPS &#8220;Camino Al Volc\u00e1n 510, Puc\u00f3n, IX Regi\u00f3n, Chile&#8221;.  From here make a left into the unnamed road. We are located at &#8220;Condominio Mahuidanche&#8221;, which is on the left side just a few meters from the main road.<\/h3><div id=\"wpgmza_map_1\" class=\"wpgmza_map wpgmza-auto-left\" style=\"display:block;width:100\\%;height:400px;overflow:hidden;position:relative;\" data-map-id=\"1\" data-maps-engine=\"\" data-build-engine=\"atlas-novus\" data-shortcode-attributes=\"{&quot;id&quot;:&quot;1&quot;,&quot;zoom&quot;:false,&quot;width&quot;:false,&quot;height&quot;:false,&quot;marker&quot;:false,&quot;classname&quot;:false}\" data-settings=\"{&quot;map_title&quot;:&quot;My first map&quot;,&quot;map_width&quot;:&quot;100&quot;,&quot;map_height&quot;:&quot;400&quot;,&quot;map_start_lat&quot;:&quot;-39.281394&quot;,&quot;map_start_lng&quot;:&quot;-71.970373&quot;,&quot;map_start_location&quot;:&quot;-39.28139400000001,-71.9703728623657&quot;,&quot;map_start_zoom&quot;:&quot;15&quot;,&quot;default_marker&quot;:&quot;0&quot;,&quot;type&quot;:&quot;1&quot;,&quot;alignment&quot;:&quot;2&quot;,&quot;directions_enabled&quot;:&quot;1&quot;,&quot;styling_enabled&quot;:&quot;0&quot;,&quot;styling_json&quot;:&quot;&quot;,&quot;active&quot;:&quot;0&quot;,&quot;kml&quot;:&quot;&quot;,&quot;bicycle&quot;:&quot;0&quot;,&quot;traffic&quot;:&quot;0&quot;,&quot;dbox&quot;:&quot;1&quot;,&quot;dbox_width&quot;:&quot;100&quot;,&quot;listmarkers&quot;:&quot;0&quot;,&quot;listmarkers_advanced&quot;:&quot;0&quot;,&quot;filterbycat&quot;:&quot;0&quot;,&quot;ugm_enabled&quot;:&quot;0&quot;,&quot;ugm_category_enabled&quot;:&quot;0&quot;,&quot;fusion&quot;:&quot;&quot;,&quot;map_width_type&quot;:&quot;\\\\%&quot;,&quot;map_height_type&quot;:&quot;px&quot;,&quot;mass_marker_support&quot;:&quot;1&quot;,&quot;ugm_access&quot;:&quot;0&quot;,&quot;order_markers_by&quot;:&quot;1&quot;,&quot;order_markers_choice&quot;:&quot;2&quot;,&quot;show_user_location&quot;:&quot;0&quot;,&quot;default_to&quot;:&quot;&quot;,&quot;store_locator_enabled&quot;:2,&quot;store_locator_distance&quot;:2,&quot;store_locator_default_radius&quot;:&quot;10&quot;,&quot;store_locator_not_found_message&quot;:&quot;No results found in this location. Please try again.&quot;,&quot;store_locator_bounce&quot;:1,&quot;store_locator_query_string&quot;:&quot;ZIP \\\/ Address:&quot;,&quot;store_locator_default_address&quot;:&quot;&quot;,&quot;wpgmza_store_locator_restrict&quot;:&quot;cl&quot;,&quot;map_max_zoom&quot;:&quot;1&quot;,&quot;transport_layer&quot;:0,&quot;wpgmza_theme_data&quot;:&quot;[{\\\\\\&quot;featureType\\\\\\&quot;: \\\\\\&quot;administrative\\\\\\&quot;,\\\\\\&quot;elementType\\\\\\&quot;: \\\\\\&quot;labels.text.fill\\\\\\&quot;,\\\\\\&quot;stylers\\\\\\&quot;: [{\\\\\\&quot;color\\\\\\&quot;: \\\\\\&quot;#444444\\\\\\&quot;}]},{\\\\\\&quot;featureType\\\\\\&quot;: \\\\\\&quot;landscape\\\\\\&quot;,\\\\\\&quot;elementType\\\\\\&quot;: \\\\\\&quot;all\\\\\\&quot;,\\\\\\&quot;stylers\\\\\\&quot;: [{\\\\\\&quot;color\\\\\\&quot;: \\\\\\&quot;#f2f2f2\\\\\\&quot;}]},{\\\\\\&quot;featureType\\\\\\&quot;: \\\\\\&quot;poi\\\\\\&quot;,\\\\\\&quot;elementType\\\\\\&quot;: \\\\\\&quot;all\\\\\\&quot;,\\\\\\&quot;stylers\\\\\\&quot;: [{\\\\\\&quot;visibility\\\\\\&quot;: \\\\\\&quot;off\\\\\\&quot;}]},{\\\\\\&quot;featureType\\\\\\&quot;: \\\\\\&quot;road\\\\\\&quot;,\\\\\\&quot;elementType\\\\\\&quot;: \\\\\\&quot;all\\\\\\&quot;,\\\\\\&quot;stylers\\\\\\&quot;: [{\\\\\\&quot;saturation\\\\\\&quot;: -100},{\\\\\\&quot;lightness\\\\\\&quot;: 45}]},{\\\\\\&quot;featureType\\\\\\&quot;: \\\\\\&quot;road.highway\\\\\\&quot;,\\\\\\&quot;elementType\\\\\\&quot;: \\\\\\&quot;all\\\\\\&quot;,\\\\\\&quot;stylers\\\\\\&quot;: [{\\\\\\&quot;visibility\\\\\\&quot;: \\\\\\&quot;simplified\\\\\\&quot;}]},{\\\\\\&quot;featureType\\\\\\&quot;: \\\\\\&quot;road.arterial\\\\\\&quot;,\\\\\\&quot;elementType\\\\\\&quot;: \\\\\\&quot;labels.icon\\\\\\&quot;,\\\\\\&quot;stylers\\\\\\&quot;: [{\\\\\\&quot;visibility\\\\\\&quot;: \\\\\\&quot;off\\\\\\&quot;}]},{\\\\\\&quot;featureType\\\\\\&quot;: \\\\\\&quot;transit\\\\\\&quot;,\\\\\\&quot;elementType\\\\\\&quot;: \\\\\\&quot;all\\\\\\&quot;,\\\\\\&quot;stylers\\\\\\&quot;: [{\\\\\\&quot;visibility\\\\\\&quot;: \\\\\\&quot;off\\\\\\&quot;}]},{\\\\\\&quot;featureType\\\\\\&quot;: \\\\\\&quot;water\\\\\\&quot;,\\\\\\&quot;elementType\\\\\\&quot;: \\\\\\&quot;all\\\\\\&quot;,\\\\\\&quot;stylers\\\\\\&quot;: [{\\\\\\&quot;color\\\\\\&quot;: \\\\\\&quot;#46bcec\\\\\\&quot;},{\\\\\\&quot;visibility\\\\\\&quot;: \\\\\\&quot;on\\\\\\&quot;}]}]&quot;,&quot;wpgmza_theme_selection&quot;:1,&quot;wpgmza_show_points_of_interest&quot;:1,&quot;id&quot;:1}\" ><\/div><\/div><\/div><\/div><\/div>","protected":false},"excerpt":{"rendered":"<p>Enter in the GPS &#8220;Camino Al Volc\u00e1n 510, Puc\u00f3n, IX Regi\u00f3n, Chile&#8221;. From here make a left into the unnamed road. We are located at &#8220;Condominio Mahuidanche&#8221;, which is on the left side just a few meters from the main&#8230;<\/p>\n","protected":false},"author":1,"featured_media":200,"parent":0,"menu_order":0,"comment_status":"closed","ping_status":"closed","template":"","meta":{"_exactmetrics_skip_tracking":false,"_exactmetrics_sitenote_active":false,"_exactmetrics_sitenote_note":"","_exactmetrics_sitenote_category":0,"_uf_show_specific_survey":0,"_uf_disable_surveys":false,"footnotes":""},"class_list":["post-18","page","type-page","status-publish","has-post-thumbnail","hentry"],"_links":{"self":[{"href":"http:\/\/www.casadenoah.com\/index.php?rest_route=\/wp\/v2\/pages\/18","targetHints":{"allow":["GET"]}}],"collection":[{"href":"http:\/\/www.casadenoah.com\/index.php?rest_route=\/wp\/v2\/pages"}],"about":[{"href":"http:\/\/www.casadenoah.com\/index.php?rest_route=\/wp\/v2\/types\/page"}],"author":[{"embeddable":true,"href":"http:\/\/www.casadenoah.com\/index.php?rest_route=\/wp\/v2\/users\/1"}],"replies":[{"embeddable":true,"href":"http:\/\/www.casadenoah.com\/index.php?rest_route=%2Fwp%2Fv2%2Fcomments&post=18"}],"version-history":[{"count":33,"href":"http:\/\/www.casadenoah.com\/index.php?rest_route=\/wp\/v2\/pages\/18\/revisions"}],"predecessor-version":[{"id":351,"href":"http:\/\/www.casadenoah.com\/index.php?rest_route=\/wp\/v2\/pages\/18\/revisions\/351"}],"wp:featuredmedia":[{"embeddable":true,"href":"http:\/\/www.casadenoah.com\/index.php?rest_route=\/wp\/v2\/media\/200"}],"wp:attachment":[{"href":"http:\/\/www.casadenoah.com\/index.php?rest_route=%2Fwp%2Fv2%2Fmedia&parent=18"}],"curies":[{"name":"wp","href":"https:\/\/api.w.org\/{rel}","templated":true}]}}